{"id":2,"date":"2009-10-01T18:01:00","date_gmt":"2009-10-01T17:01:00","guid":{"rendered":"http:\/\/127.0.0.1\/tachesdencre.com\/?page_id=2"},"modified":"2016-06-22T14:36:27","modified_gmt":"2016-06-22T12:36:27","slug":"a-propos","status":"publish","type":"page","link":"https:\/\/www.tachesdencre.com\/blog\/a-propos\/","title":{"rendered":"Qui sommes-nous ?"},"content":{"rendered":"<p><strong>Prenez un stylo. Secouez-le au dessus d\u2019une feuille blanche. Observez l\u2019encre s\u2019\u00e9taler.<br \/>\nLaisser l\u2019imagination faire. Voil\u00e0 notre philosophie.<\/strong><\/p>\n<p>Parce qu\u2019apr\u00e8s tout il n\u2019y a pas qu\u2019une seule fa\u00e7on de partager ses id\u00e9es.<\/p>\n<p>Nous saurons mobiliser un r\u00e9seau de professionnels experts dans chaque domaine de la communication.<\/p>\n<p><a href=\"http:\/\/www.tachesdencre.com\/blog\/contact.php\" target=\"_blank\">Un interlocuteur unique<\/a> vous conseillera et accompagnera \u00e0 chaque \u00e9tape de vos projets et assurera un service rapide et adapt\u00e9 \u00e0 vos attentes.<br \/>\nAlors, si vous pensez travailler avec nous, vous venez d\u2019avoir une bonne id\u00e9e.<\/p>\n<p><iframe data-src=\"http:\/\/player.vimeo.com\/video\/26023243?title=0&amp;byline=0&amp;portrait=0&amp;color=ff0000\" width=\"540\" height=\"304\" frameborder=\"0\" src=\"data:image\/svg+xml;base64,PHN2ZyB3aWR0aD0iMSIgaGVpZ2h0PSIxIiB4bWxucz0iaHR0cDovL3d3dy53My5vcmcvMjAwMC9zdmciPjwvc3ZnPg==\" class=\"lazyload\" data-load-mode=\"1\"><\/iframe><\/p>\n<p><a href=\"http:\/\/vimeo.com\/26023243\">Yoni Sellam pour Taches d&rsquo;Encre<\/a> from <a href=\"http:\/\/vimeo.com\/uptownprod\">UptownProd<\/a> on <a href=\"http:\/\/vimeo.com\">Vimeo<\/a>.<\/p>\n<p>L\u2019Atelier Taches d\u2019encre a \u00e9t\u00e9 cr\u00e9\u00e9 en novembre 2004. Sa vocation est d\u2019apporter \u00e0 ses clients une solution cl\u00e9 en main dans 4 domaines d\u2019activit\u00e9s :<\/p>\n<p>&#8211; <a href=\"http:\/\/www.tachesdencre.com\/blog\/?cat=10\">Le Web<\/a> : Taches d\u2019encre est en mesure de concevoir et r\u00e9aliser (graphisme et d\u00e9veloppement) de l\u2019ensemble de vos supports de communication on-line : sites internet, mailings, newsletters, animations, encarts publicitaires, \u2026<\/p>\n<p>&#8211; <a href=\"http:\/\/www.tachesdencre.com\/blog\/?cat=11\">Le Print<\/a> : Taches d\u2019encre cr\u00e9\u00e9, r\u00e9alise et imprime tous les supports \u00ab papier \u00bb : plaquettes, flyers, affiches, brochures, catalogues, \u2026<\/p>\n<p>&#8211; <a href=\"http:\/\/www.tachesdencre.com\/blog\/?cat=12\">L\u2019Objet<\/a> : Taches d\u2019encre propose un catalogue complet d\u2019objets et goodies originaux, adapt\u00e9s \u00e0 chaque besoin. L\u2019Atelier prend \u00e9galement en charge la cr\u00e9ation, la production et la personnalisation.<\/p>\n<p>&#8211; <a href=\"http:\/\/www.tachesdencre.com\/blog\/?cat=13\">Le Textile<\/a> : Taches d\u2019encre cr\u00e9\u00e9 et r\u00e9alise la personnalisation de tous les supports textiles, de 1 \u00e0 des milliers d\u2019exemplaires : tee-shirts, polos, chemises, sweatshirts, parkas, &#8230;<\/p>\n","protected":false},"excerpt":{"rendered":"<p>Prenez un stylo. Secouez-le au dessus d\u2019une feuille blanche. Observez l\u2019encre s\u2019\u00e9taler. Laisser l\u2019imagination faire. Voil\u00e0 notre philosophie. Parce qu\u2019apr\u00e8s tout il n\u2019y a pas qu\u2019une seule fa\u00e7on de partager<a href=\"https:\/\/www.tachesdencre.com\/blog\/a-propos\/\">&#8230;Read More<\/a><\/p>\n","protected":false},"author":1,"featured_media":0,"parent":0,"menu_order":0,"comment_status":"closed","ping_status":"open","template":"page-fullwidth.php","meta":{"_acf_changed":false,"footnotes":""},"class_list":["post-2","page","type-page","status-publish","hentry"],"acf":[],"yoast_head":"<!-- This site is optimized with the Yoast SEO plugin v27.5 - https:\/\/yoast.com\/product\/yoast-seo-wordpress\/ -->\n<title>Qui sommes-nous ? - Taches d&#039;encre<\/title>\n<meta name=\"robots\" content=\"index, follow, max-snippet:-1, max-image-preview:large, max-video-preview:-1\" \/>\n<link rel=\"canonical\" href=\"https:\/\/www.tachesdencre.com\/blog\/a-propos\/\" \/>\n<meta property=\"og:locale\" content=\"fr_FR\" \/>\n<meta property=\"og:type\" content=\"article\" \/>\n<meta property=\"og:title\" content=\"Qui sommes-nous ? - Taches d&#039;encre\" \/>\n<meta property=\"og:description\" content=\"Prenez un stylo. Secouez-le au dessus d\u2019une feuille blanche. Observez l\u2019encre s\u2019\u00e9taler. Laisser l\u2019imagination faire. Voil\u00e0 notre philosophie. Parce qu\u2019apr\u00e8s tout il n\u2019y a pas qu\u2019une seule fa\u00e7on de partager...Read More\" \/>\n<meta property=\"og:url\" content=\"https:\/\/www.tachesdencre.com\/blog\/a-propos\/\" \/>\n<meta property=\"og:site_name\" content=\"Taches d&#039;encre\" \/>\n<meta property=\"article:publisher\" content=\"https:\/\/www.facebook.com\/pages\/Taches-dencre-LAtelier-qui-se-d%c3%a9tache\/202015649333\" \/>\n<meta property=\"article:modified_time\" content=\"2016-06-22T12:36:27+00:00\" \/>\n<meta name=\"twitter:card\" content=\"summary_large_image\" \/>\n<meta name=\"twitter:site\" content=\"@tachesdencre\" \/>\n<meta name=\"twitter:label1\" content=\"Dur\u00e9e de lecture estim\u00e9e\" \/>\n\t<meta name=\"twitter:data1\" content=\"1 minute\" \/>\n<script type=\"application\/ld+json\" class=\"yoast-schema-graph\">{\"@context\":\"https:\\\/\\\/schema.org\",\"@graph\":[{\"@type\":\"WebPage\",\"@id\":\"https:\\\/\\\/www.tachesdencre.com\\\/blog\\\/a-propos\\\/\",\"url\":\"https:\\\/\\\/www.tachesdencre.com\\\/blog\\\/a-propos\\\/\",\"name\":\"Qui sommes-nous ? - Taches d&#039;encre\",\"isPartOf\":{\"@id\":\"https:\\\/\\\/www.tachesdencre.com\\\/blog\\\/#website\"},\"datePublished\":\"2009-10-01T17:01:00+00:00\",\"dateModified\":\"2016-06-22T12:36:27+00:00\",\"breadcrumb\":{\"@id\":\"https:\\\/\\\/www.tachesdencre.com\\\/blog\\\/a-propos\\\/#breadcrumb\"},\"inLanguage\":\"fr-FR\",\"potentialAction\":[{\"@type\":\"ReadAction\",\"target\":[\"https:\\\/\\\/www.tachesdencre.com\\\/blog\\\/a-propos\\\/\"]}]},{\"@type\":\"BreadcrumbList\",\"@id\":\"https:\\\/\\\/www.tachesdencre.com\\\/blog\\\/a-propos\\\/#breadcrumb\",\"itemListElement\":[{\"@type\":\"ListItem\",\"position\":1,\"name\":\"Accueil\",\"item\":\"https:\\\/\\\/www.tachesdencre.com\\\/blog\\\/\"},{\"@type\":\"ListItem\",\"position\":2,\"name\":\"Qui sommes-nous ?\"}]},{\"@type\":\"WebSite\",\"@id\":\"https:\\\/\\\/www.tachesdencre.com\\\/blog\\\/#website\",\"url\":\"https:\\\/\\\/www.tachesdencre.com\\\/blog\\\/\",\"name\":\"Taches d&#039;encre\",\"description\":\"L&#039;Atelier qui se d\u00e9tache \\\/\\\/\\\/ web \\\/ print \\\/  objet \\\/ textile\",\"publisher\":{\"@id\":\"https:\\\/\\\/www.tachesdencre.com\\\/blog\\\/#organization\"},\"potentialAction\":[{\"@type\":\"SearchAction\",\"target\":{\"@type\":\"EntryPoint\",\"urlTemplate\":\"https:\\\/\\\/www.tachesdencre.com\\\/blog\\\/?s={search_term_string}\"},\"query-input\":{\"@type\":\"PropertyValueSpecification\",\"valueRequired\":true,\"valueName\":\"search_term_string\"}}],\"inLanguage\":\"fr-FR\"},{\"@type\":\"Organization\",\"@id\":\"https:\\\/\\\/www.tachesdencre.com\\\/blog\\\/#organization\",\"name\":\"TACHES D'ENCRE\",\"url\":\"https:\\\/\\\/www.tachesdencre.com\\\/blog\\\/\",\"logo\":{\"@type\":\"ImageObject\",\"inLanguage\":\"fr-FR\",\"@id\":\"https:\\\/\\\/www.tachesdencre.com\\\/blog\\\/#\\\/schema\\\/logo\\\/image\\\/\",\"url\":\"https:\\\/\\\/www.tachesdencre.com\\\/blog\\\/wp-content\\\/uploads\\\/2016\\\/06\\\/tachesdencre-homepage-1.png\",\"contentUrl\":\"https:\\\/\\\/www.tachesdencre.com\\\/blog\\\/wp-content\\\/uploads\\\/2016\\\/06\\\/tachesdencre-homepage-1.png\",\"width\":400,\"height\":236,\"caption\":\"TACHES D'ENCRE\"},\"image\":{\"@id\":\"https:\\\/\\\/www.tachesdencre.com\\\/blog\\\/#\\\/schema\\\/logo\\\/image\\\/\"},\"sameAs\":[\"https:\\\/\\\/www.facebook.com\\\/pages\\\/Taches-dencre-LAtelier-qui-se-d\u00e9tache\\\/202015649333\",\"https:\\\/\\\/x.com\\\/tachesdencre\"]}]}<\/script>\n<!-- \/ Yoast SEO plugin. -->","yoast_head_json":{"title":"Qui sommes-nous ? - Taches d&#039;encre","robots":{"index":"index","follow":"follow","max-snippet":"max-snippet:-1","max-image-preview":"max-image-preview:large","max-video-preview":"max-video-preview:-1"},"canonical":"https:\/\/www.tachesdencre.com\/blog\/a-propos\/","og_locale":"fr_FR","og_type":"article","og_title":"Qui sommes-nous ? - Taches d&#039;encre","og_description":"Prenez un stylo. Secouez-le au dessus d\u2019une feuille blanche. Observez l\u2019encre s\u2019\u00e9taler. Laisser l\u2019imagination faire. Voil\u00e0 notre philosophie. Parce qu\u2019apr\u00e8s tout il n\u2019y a pas qu\u2019une seule fa\u00e7on de partager...Read More","og_url":"https:\/\/www.tachesdencre.com\/blog\/a-propos\/","og_site_name":"Taches d&#039;encre","article_publisher":"https:\/\/www.facebook.com\/pages\/Taches-dencre-LAtelier-qui-se-d%c3%a9tache\/202015649333","article_modified_time":"2016-06-22T12:36:27+00:00","twitter_card":"summary_large_image","twitter_site":"@tachesdencre","twitter_misc":{"Dur\u00e9e de lecture estim\u00e9e":"1 minute"},"schema":{"@context":"https:\/\/schema.org","@graph":[{"@type":"WebPage","@id":"https:\/\/www.tachesdencre.com\/blog\/a-propos\/","url":"https:\/\/www.tachesdencre.com\/blog\/a-propos\/","name":"Qui sommes-nous ? - Taches d&#039;encre","isPartOf":{"@id":"https:\/\/www.tachesdencre.com\/blog\/#website"},"datePublished":"2009-10-01T17:01:00+00:00","dateModified":"2016-06-22T12:36:27+00:00","breadcrumb":{"@id":"https:\/\/www.tachesdencre.com\/blog\/a-propos\/#breadcrumb"},"inLanguage":"fr-FR","potentialAction":[{"@type":"ReadAction","target":["https:\/\/www.tachesdencre.com\/blog\/a-propos\/"]}]},{"@type":"BreadcrumbList","@id":"https:\/\/www.tachesdencre.com\/blog\/a-propos\/#breadcrumb","itemListElement":[{"@type":"ListItem","position":1,"name":"Accueil","item":"https:\/\/www.tachesdencre.com\/blog\/"},{"@type":"ListItem","position":2,"name":"Qui sommes-nous ?"}]},{"@type":"WebSite","@id":"https:\/\/www.tachesdencre.com\/blog\/#website","url":"https:\/\/www.tachesdencre.com\/blog\/","name":"Taches d&#039;encre","description":"L&#039;Atelier qui se d\u00e9tache \/\/\/ web \/ print \/  objet \/ textile","publisher":{"@id":"https:\/\/www.tachesdencre.com\/blog\/#organization"},"potentialAction":[{"@type":"SearchAction","target":{"@type":"EntryPoint","urlTemplate":"https:\/\/www.tachesdencre.com\/blog\/?s={search_term_string}"},"query-input":{"@type":"PropertyValueSpecification","valueRequired":true,"valueName":"search_term_string"}}],"inLanguage":"fr-FR"},{"@type":"Organization","@id":"https:\/\/www.tachesdencre.com\/blog\/#organization","name":"TACHES D'ENCRE","url":"https:\/\/www.tachesdencre.com\/blog\/","logo":{"@type":"ImageObject","inLanguage":"fr-FR","@id":"https:\/\/www.tachesdencre.com\/blog\/#\/schema\/logo\/image\/","url":"https:\/\/www.tachesdencre.com\/blog\/wp-content\/uploads\/2016\/06\/tachesdencre-homepage-1.png","contentUrl":"https:\/\/www.tachesdencre.com\/blog\/wp-content\/uploads\/2016\/06\/tachesdencre-homepage-1.png","width":400,"height":236,"caption":"TACHES D'ENCRE"},"image":{"@id":"https:\/\/www.tachesdencre.com\/blog\/#\/schema\/logo\/image\/"},"sameAs":["https:\/\/www.facebook.com\/pages\/Taches-dencre-LAtelier-qui-se-d\u00e9tache\/202015649333","https:\/\/x.com\/tachesdencre"]}]}},"_links":{"self":[{"href":"https:\/\/www.tachesdencre.com\/blog\/wp-json\/wp\/v2\/pages\/2","targetHints":{"allow":["GET"]}}],"collection":[{"href":"https:\/\/www.tachesdencre.com\/blog\/wp-json\/wp\/v2\/pages"}],"about":[{"href":"https:\/\/www.tachesdencre.com\/blog\/wp-json\/wp\/v2\/types\/page"}],"author":[{"embeddable":true,"href":"https:\/\/www.tachesdencre.com\/blog\/wp-json\/wp\/v2\/users\/1"}],"replies":[{"embeddable":true,"href":"https:\/\/www.tachesdencre.com\/blog\/wp-json\/wp\/v2\/comments?post=2"}],"version-history":[{"count":31,"href":"https:\/\/www.tachesdencre.com\/blog\/wp-json\/wp\/v2\/pages\/2\/revisions"}],"predecessor-version":[{"id":2896,"href":"https:\/\/www.tachesdencre.com\/blog\/wp-json\/wp\/v2\/pages\/2\/revisions\/2896"}],"wp:attachment":[{"href":"https:\/\/www.tachesdencre.com\/blog\/wp-json\/wp\/v2\/media?parent=2"}],"curies":[{"name":"wp","href":"https:\/\/api.w.org\/{rel}","templated":true}]}}